{"id":22,"date":"2022-03-06T15:14:30","date_gmt":"2022-03-06T15:14:30","guid":{"rendered":"https:\/\/sts-security.ch\/secure\/?page_id=22"},"modified":"2022-06-19T17:32:46","modified_gmt":"2022-06-19T17:32:46","slug":"dienstleistungen","status":"publish","type":"page","link":"https:\/\/sts-security.ch\/secure\/dienstleistungen\/","title":{"rendered":"Dienstleistungen"},"content":{"rendered":"\n<blockquote class=\"wp-block-quote is-layout-flow wp-block-quote-is-layout-flow\"><p>T\u00e4glich werden Unternehmen und Websites angegriffen. Hacker k\u00f6nnen Schwachstellen in Websoftware (z.B. in beliebten CMS (z.B. WordPress, Joomla u.a.) mit frei verf\u00fcgbaren Tools scannen und Schaden anrichten (z.B. Randsomware \/ Erpressung).<br>Ist Ihre Website sicher gegen\u00fcber solchen Angriffen?<br>Lassen Sie noch heute Ihre Website scannen und erhalten Sie gratis einen Report zu den gefundenen Risiken.<\/p><\/blockquote>\n\n\n\n<p><strong>Web Security Scan<\/strong><\/p>\n\n\n\n<p>Typische Aktivit\u00e4ten bei der Durchf\u00fchrung des Web Security Scans:<\/p>\n\n\n\n<ul class=\"wp-block-list\"><li>Identifikation von Systemen und Diensten<\/li><li>Schwachstellenanalyse und Plausibilisierung<\/li><li>Erstellen eines Reports der gefundenen Schwachstellen<\/li><\/ul>\n\n\n\n<p><strong>Web Security Scan PLUS<\/strong><\/p>\n\n\n\n<ul class=\"wp-block-list\"><li>Identifikation von Systemen und Diensten<\/li><li>Schwachstellenanalyse und Plausibilisierung<\/li><li>Erstellen eines Reports der gefundenen Schwachstellen<\/li><li><strong>\u00dcbersicht mit den gefundenen Schwachstellen nach Risiko und Schweregrad<\/strong><\/li><\/ul>\n\n\n\n<p><strong>Web Security Scan FULL<\/strong><\/p>\n\n\n\n<ul class=\"wp-block-list\"><li>Identifikation von Systemen und Diensten<\/li><li>Schwachstellenanalyse und Plausibilisierung<\/li><li>Erstellen eines Reports der gefundenen Schwachstellen<\/li><li>\u00dcbersicht mit den gefundenen Schwachstellen nach Risiko und Schweregrad<\/li><li><strong>Details zu gefundenen Schwachstellen<\/strong><\/li><li><strong>Konkrete Handlungsempfehlungen zu den gefundenen Schwachstellen<\/strong><\/li><\/ul>\n\n\n\n<p><strong>Dark Net Scan (Basic)<\/strong><\/p>\n\n\n\n<ul class=\"wp-block-list\"><li>Identifikation Ihres Unternehmen \/ Logins im Dark Net<\/li><li>Analyse Ausmass der Verbreitung der Daten<\/li><li>Stichprobe Korrektheit der Logins \/ Passw\u00f6rter<\/li><\/ul>\n\n\n\n<p><\/p>\n","protected":false},"excerpt":{"rendered":"<p>T\u00e4glich werden Unternehmen und Websites angegriffen. Hacker k\u00f6nnen Schwachstellen in Websoftware (z.B. in beliebten CMS (z.B. WordPress, Joomla u.a.) mit frei verf\u00fcgbaren Tools scannen und Schaden anrichten (z.B. Randsomware \/ Erpressung).Ist Ihre Website sicher gegen\u00fcber solchen Angriffen?Lassen Sie noch heute Ihre Website scannen und erhalten Sie gratis einen Report zu den gefundenen Risiken. Web Security [&hellip;]<\/p>\n","protected":false},"author":1,"featured_media":0,"parent":0,"menu_order":0,"comment_status":"closed","ping_status":"closed","template":"","meta":{"footnotes":""},"class_list":["post-22","page","type-page","status-publish","hentry"],"_links":{"self":[{"href":"https:\/\/sts-security.ch\/secure\/wp-json\/wp\/v2\/pages\/22","targetHints":{"allow":["GET"]}}],"collection":[{"href":"https:\/\/sts-security.ch\/secure\/wp-json\/wp\/v2\/pages"}],"about":[{"href":"https:\/\/sts-security.ch\/secure\/wp-json\/wp\/v2\/types\/page"}],"author":[{"embeddable":true,"href":"https:\/\/sts-security.ch\/secure\/wp-json\/wp\/v2\/users\/1"}],"replies":[{"embeddable":true,"href":"https:\/\/sts-security.ch\/secure\/wp-json\/wp\/v2\/comments?post=22"}],"version-history":[{"count":7,"href":"https:\/\/sts-security.ch\/secure\/wp-json\/wp\/v2\/pages\/22\/revisions"}],"predecessor-version":[{"id":42,"href":"https:\/\/sts-security.ch\/secure\/wp-json\/wp\/v2\/pages\/22\/revisions\/42"}],"wp:attachment":[{"href":"https:\/\/sts-security.ch\/secure\/wp-json\/wp\/v2\/media?parent=22"}],"curies":[{"name":"wp","href":"https:\/\/api.w.org\/{rel}","templated":true}]}}