{"id":24,"date":"2022-03-06T15:14:56","date_gmt":"2022-03-06T15:14:56","guid":{"rendered":"https:\/\/sts-security.ch\/secure\/?page_id=24"},"modified":"2022-08-17T09:29:02","modified_gmt":"2022-08-17T09:29:02","slug":"aktuelle-bedrohungslage","status":"publish","type":"page","link":"https:\/\/sts-security.ch\/secure\/aktuelle-bedrohungslage\/","title":{"rendered":"Aktuelle Bedrohungslage"},"content":{"rendered":"\n<p><strong>70 Prozent der Schweizer Industriefirmen betroffen: So grossen Schaden richten Cyberattacken an<\/strong><\/p>\n\n\n\n<p><a href=\"https:\/\/www.luzernerzeitung.ch\/wirtschaft\/wirtschaft-mantel\/swissmem-70-prozent-der-schweizer-industriefirmen-mindestens-einmal-betroffen-so-grossen-schaden-richten-cyberattacken-an-ld.2308271\">https:\/\/www.luzernerzeitung.ch\/wirtschaft\/wirtschaft-mantel\/swissmem-70-prozent-der-schweizer-industriefirmen-mindestens-einmal-betroffen-so-grossen-schaden-richten-cyberattacken-an-ld.2308271<\/a><\/p>\n\n\n\n<p><strong>Gef\u00fcrchtete Cybercrime-Banden schlagen in der Schweiz zu: Die unfassbar lange Opfer-Liste<\/strong><\/p>\n\n\n\n<p><a href=\"https:\/\/www.watson.ch\/digital\/schweiz\/927257921-hacker-schlagen-in-der-schweiz-zu-die-unfassbar-lange-opfer-liste\">https:\/\/www.watson.ch\/digital\/schweiz\/927257921-hacker-schlagen-in-der-schweiz-zu-die-unfassbar-lange-opfer-liste<\/a><\/p>\n\n\n\n<p><\/p>\n\n\n\n<p><\/p>\n\n\n\n<figure class=\"wp-block-embed is-type-wp-embed is-provider-upcf-ch wp-block-embed-upcf-ch\"><div class=\"wp-block-embed__wrapper\">\n<blockquote class=\"wp-embedded-content\" data-secret=\"ucC9QRBnHv\"><a href=\"https:\/\/www.upcf.ch\/de\/2022\/04\/die-intensitaet-von-cyberangriffen-ist-neu\/\">\u00ab Die Intensit\u00e4t von Cyberangriffen ist neu \u00bb<\/a><\/blockquote><iframe loading=\"lazy\" class=\"wp-embedded-content\" sandbox=\"allow-scripts\" security=\"restricted\" style=\"position: absolute; clip: rect(1px, 1px, 1px, 1px);\" title=\"\u00ab\u00a0\u00ab Die Intensit\u00e4t von Cyberangriffen ist neu \u00bb\u00a0\u00bb &#8212; Union Patronale du Canton de Fribourg\" src=\"https:\/\/www.upcf.ch\/de\/2022\/04\/die-intensitaet-von-cyberangriffen-ist-neu\/embed\/#?secret=5CaNphnc2j#?secret=ucC9QRBnHv\" data-secret=\"ucC9QRBnHv\" width=\"500\" height=\"282\" frameborder=\"0\" marginwidth=\"0\" marginheight=\"0\" scrolling=\"no\"><\/iframe>\n<\/div><\/figure>\n\n\n\n<p><strong>Sind Ihrer Einsch\u00e4tzung nach die Unternehmen darauf vorbereitet mit derartigen Angriffen umzugehen?<\/strong><\/p>\n\n\n\n<p>Nicht wirklich. Man betrachte die F\u00e4lle der Universit\u00e4t Neuenburg oder der Gemeinden Rolle und Montreux, um nur einige zu nennen. Die Liste ist lang. Im Jahr 2021 wurden 55\u2019000 Unternehmen von Hackern angegriffen. Das sind fast 10% aller KMU im Land. Dies ist betr\u00e4chtlich. Zum Vergleich: Im Jahr 2020 waren es noch 32\u2019000 Unternehmen die gehackt wurden.<\/p>\n\n\n\n<p><\/p>\n\n\n\n<figure class=\"wp-block-embed is-type-wp-embed is-provider-sicherheitsforum wp-block-embed-sicherheitsforum\"><div class=\"wp-block-embed__wrapper\">\nhttps:\/\/www.sicherheitsforum.ch\/cyber-vorfaelle-als-top-risiko-in-der-schweiz\/\n<\/div><\/figure>\n\n\n\n<hr class=\"wp-block-separator has-alpha-channel-opacity\"\/>\n\n\n\n<figure class=\"wp-block-gallery has-nested-images columns-default is-cropped wp-block-gallery-1 is-layout-flex wp-block-gallery-is-layout-flex\">\n<figure class=\"wp-block-image size-large\"><a href=\"https:\/\/sts-security.ch\/secure\/wp-content\/uploads\/2022\/03\/1.jpg\"><img loading=\"lazy\" decoding=\"async\" width=\"540\" height=\"720\" data-id=\"67\" src=\"https:\/\/sts-security.ch\/secure\/wp-content\/uploads\/2022\/03\/1.jpg\" alt=\"\" class=\"wp-image-67\" srcset=\"https:\/\/sts-security.ch\/secure\/wp-content\/uploads\/2022\/03\/1.jpg 540w, https:\/\/sts-security.ch\/secure\/wp-content\/uploads\/2022\/03\/1-225x300.jpg 225w\" sizes=\"auto, (max-width: 540px) 100vw, 540px\" \/><\/a><\/figure>\n\n\n\n<figure class=\"wp-block-image size-large\"><a href=\"https:\/\/sts-security.ch\/secure\/wp-content\/uploads\/2022\/03\/2.jpg\"><img loading=\"lazy\" decoding=\"async\" width=\"540\" height=\"720\" data-id=\"72\" src=\"https:\/\/sts-security.ch\/secure\/wp-content\/uploads\/2022\/03\/2.jpg\" alt=\"\" class=\"wp-image-72\" srcset=\"https:\/\/sts-security.ch\/secure\/wp-content\/uploads\/2022\/03\/2.jpg 540w, https:\/\/sts-security.ch\/secure\/wp-content\/uploads\/2022\/03\/2-225x300.jpg 225w\" sizes=\"auto, (max-width: 540px) 100vw, 540px\" \/><\/a><\/figure>\n<\/figure>\n\n\n\n<p>Das j\u00e4hrliche Barometer des Versicherungsunternehmens Allianz deutet 2022 auf einen besonderen Trend im Bereich der Sicherheitsbedrohungen hin: Demnach d\u00fcrften weltweit und auch in der Schweiz im Jahr 2022 Cyber-Vorf\u00e4lle zu den Top-Risiken des Jahres z\u00e4hlen.<\/p>\n\n\n\n<p>Gesamter Report:<\/p>\n\n\n\n<p><a href=\"https:\/\/www.enisa.europa.eu\/publications\/report-files\/ETL-translations\/de\/etl2020-enisa-list-of-top-15-threats-ebook-en-de.pdf\">https:\/\/www.enisa.europa.eu\/publications\/report-files\/ETL-translations\/de\/etl2020-enisa-list-of-top-15-threats-ebook-en-de.pdf<\/a><\/p>\n\n\n\n<hr class=\"wp-block-separator has-alpha-channel-opacity\"\/>\n\n\n\n<p><\/p>\n\n\n\n<p>\u00dcbersicht zur aktuellen Bedrohungslage<\/p>\n\n\n\n<p><a href=\"https:\/\/www.ncsc.admin.ch\/ncsc\/de\/home\/aktuell\/aktuelle-zahlen.html\">https:\/\/www.ncsc.admin.ch\/ncsc\/de\/home\/aktuell\/aktuelle-zahlen.html<\/a><\/p>\n\n\n\n<hr class=\"wp-block-separator has-alpha-channel-opacity\"\/>\n\n\n\n<p><\/p>\n\n\n\n<p>Real-Time Karten der aktuellen Cyberangriffe<\/p>\n\n\n\n<p><a href=\"https:\/\/www.digitalattackmap.com\/\">https:\/\/www.digitalattackmap.com\/<\/a><\/p>\n\n\n\n<p><a href=\"https:\/\/threatmap.checkpoint.com\/\">https:\/\/threatmap.checkpoint.com\/<\/a><\/p>\n\n\n\n<p><a href=\"https:\/\/www.fireeye.com\/cyber-map\/threat-map.html\">https:\/\/www.fireeye.com\/cyber-map\/threat-map.html<\/a><\/p>\n","protected":false},"excerpt":{"rendered":"<p>70 Prozent der Schweizer Industriefirmen betroffen: So grossen Schaden richten Cyberattacken an https:\/\/www.luzernerzeitung.ch\/wirtschaft\/wirtschaft-mantel\/swissmem-70-prozent-der-schweizer-industriefirmen-mindestens-einmal-betroffen-so-grossen-schaden-richten-cyberattacken-an-ld.2308271 Gef\u00fcrchtete Cybercrime-Banden schlagen in der Schweiz zu: Die unfassbar lange Opfer-Liste https:\/\/www.watson.ch\/digital\/schweiz\/927257921-hacker-schlagen-in-der-schweiz-zu-die-unfassbar-lange-opfer-liste Sind Ihrer Einsch\u00e4tzung nach die Unternehmen darauf vorbereitet mit derartigen Angriffen umzugehen? Nicht wirklich. Man betrachte die F\u00e4lle der Universit\u00e4t Neuenburg oder der Gemeinden Rolle und Montreux, um nur einige [&hellip;]<\/p>\n","protected":false},"author":1,"featured_media":0,"parent":0,"menu_order":0,"comment_status":"closed","ping_status":"closed","template":"","meta":{"footnotes":""},"class_list":["post-24","page","type-page","status-publish","hentry"],"_links":{"self":[{"href":"https:\/\/sts-security.ch\/secure\/wp-json\/wp\/v2\/pages\/24","targetHints":{"allow":["GET"]}}],"collection":[{"href":"https:\/\/sts-security.ch\/secure\/wp-json\/wp\/v2\/pages"}],"about":[{"href":"https:\/\/sts-security.ch\/secure\/wp-json\/wp\/v2\/types\/page"}],"author":[{"embeddable":true,"href":"https:\/\/sts-security.ch\/secure\/wp-json\/wp\/v2\/users\/1"}],"replies":[{"embeddable":true,"href":"https:\/\/sts-security.ch\/secure\/wp-json\/wp\/v2\/comments?post=24"}],"version-history":[{"count":10,"href":"https:\/\/sts-security.ch\/secure\/wp-json\/wp\/v2\/pages\/24\/revisions"}],"predecessor-version":[{"id":116,"href":"https:\/\/sts-security.ch\/secure\/wp-json\/wp\/v2\/pages\/24\/revisions\/116"}],"wp:attachment":[{"href":"https:\/\/sts-security.ch\/secure\/wp-json\/wp\/v2\/media?parent=24"}],"curies":[{"name":"wp","href":"https:\/\/api.w.org\/{rel}","templated":true}]}}